{"id":230,"date":"2020-06-02T14:04:35","date_gmt":"2020-06-02T14:04:35","guid":{"rendered":"https:\/\/content.limehome.com\/imprint\/"},"modified":"2024-03-13T14:00:01","modified_gmt":"2024-03-13T14:00:01","slug":"imprint","status":"publish","type":"page","link":"https:\/\/content.limehome.com\/de\/imprint\/","title":{"rendered":"Impressum"},"content":{"rendered":"\t\t<div data-elementor-type=\"wp-page\" data-elementor-id=\"230\" class=\"elementor elementor-230 elementor-229\">\n\t\t\t\t\t\t<div class=\"elementor-inner\">\n\t\t\t\t<div class=\"elementor-section-wrap\">\n\t\t\t\t\t\t\t\t\t<section class=\"elementor-section elementor-top-section elementor-element elementor-element-40acd71 elementor-section-height-min-height elementor-section-boxed ang-section-padding-initial elementor-section-height-default elementor-section-items-middle elementor-repeater-item-none elementor-repeater-item-none_hover\" data-id=\"40acd71\" data-element_type=\"section\" data-settings=\"{&quot;background_background&quot;:&quot;classic&quot;,&quot;motion_fx_motion_fx_scrolling&quot;:&quot;yes&quot;,&quot;animation&quot;:&quot;none&quot;,&quot;motion_fx_devices&quot;:[&quot;desktop&quot;,&quot;tablet&quot;,&quot;mobile&quot;]}\">\n\t\t\t\t\t\t\t<div class=\"elementor-background-overlay\"><\/div>\n\t\t\t\t\t\t\t<div class=\"elementor-container elementor-column-gap-default\">\n\t\t\t\t\t\t\t<div class=\"elementor-row\">\n\t\t\t\t\t<div class=\"elementor-column elementor-col-100 elementor-top-column elementor-element elementor-element-b3eb050 elementor-repeater-item-none elementor-repeater-item-none_hover\" data-id=\"b3eb050\" data-element_type=\"column\" data-settings=\"{&quot;motion_fx_motion_fx_scrolling&quot;:&quot;yes&quot;,&quot;motion_fx_translateY_effect&quot;:&quot;yes&quot;,&quot;motion_fx_translateY_speed&quot;:{&quot;unit&quot;:&quot;px&quot;,&quot;size&quot;:2.5,&quot;sizes&quot;:[]},&quot;motion_fx_translateY_affectedRange&quot;:{&quot;unit&quot;:&quot;%&quot;,&quot;size&quot;:&quot;&quot;,&quot;sizes&quot;:{&quot;start&quot;:45,&quot;end&quot;:100}},&quot;motion_fx_devices&quot;:[&quot;desktop&quot;,&quot;tablet&quot;,&quot;mobile&quot;]}\">\n\t\t\t<div class=\"elementor-column-wrap elementor-element-populated\">\n\t\t\t\t\t\t\t<div class=\"elementor-widget-wrap\">\n\t\t\t\t\t\t<div class=\"elementor-element elementor-element-dbb27fd elementor-repeater-item-none elementor-repeater-item-none_hover elementor-invisible elementor-widget elementor-widget-heading\" data-id=\"dbb27fd\" data-element_type=\"widget\" data-settings=\"{&quot;_animation&quot;:&quot;zoomIn&quot;,&quot;_animation_delay&quot;:100}\" data-widget_type=\"heading.default\">\n\t\t\t\t<div class=\"elementor-widget-container\">\n\t\t\t<h1 class=\"elementor-heading-title elementor-size-xxl\">impressum<\/h1>\t\t<\/div>\n\t\t\t\t<\/div>\n\t\t\t\t\t\t<\/div>\n\t\t\t\t\t<\/div>\n\t\t<\/div>\n\t\t\t\t\t\t\t\t<\/div>\n\t\t\t\t\t<\/div>\n\t\t<\/section>\n\t\t\t\t<section class=\"elementor-section elementor-top-section elementor-element elementor-element-47869fe0 elementor-section-boxed ang-section-padding-initial elementor-section-height-default elementor-section-height-default elementor-repeater-item-none elementor-repeater-item-none_hover\" data-id=\"47869fe0\" data-element_type=\"section\" data-settings=\"{&quot;background_background&quot;:&quot;classic&quot;}\">\n\t\t\t\t\t\t<div class=\"elementor-container elementor-column-gap-default\">\n\t\t\t\t\t\t\t<div class=\"elementor-row\">\n\t\t\t\t\t<div class=\"elementor-column elementor-col-100 elementor-top-column elementor-element elementor-element-43f2742a elementor-repeater-item-none elementor-repeater-item-none_hover\" data-id=\"43f2742a\" data-element_type=\"column\">\n\t\t\t<div class=\"elementor-column-wrap elementor-element-populated\">\n\t\t\t\t\t\t\t<div class=\"elementor-widget-wrap\">\n\t\t\t\t\t\t<div class=\"elementor-element elementor-element-8bb2732 elementor-repeater-item-none elementor-repeater-item-none_hover elementor-widget elementor-widget-text-editor\" data-id=\"8bb2732\" data-element_type=\"widget\" data-widget_type=\"text-editor.default\">\n\t\t\t\t<div class=\"elementor-widget-container\">\n\t\t\t\t\t\t\t\t<div class=\"elementor-text-editor elementor-clearfix\">\n\t\t\t\t<h2>ANBIETER DER WEBSITE<\/h2>\n<p>Limehome GmbH<br \/>\nRosenheimerstr. 143 a-d<br \/>\n81671 M\u00fcnchen<\/p>\n<p>Gesch\u00e4ftsf\u00fchrer: Dr. Josef Vollmayr &amp; C\u00e9sar de Sousa Freitas<\/p>\n<p>Umsatzsteueridentifikationsnummer: DE 316542075<br \/>\nAmtsgericht M\u00fcnchen: HRB 237890<\/p>\n\t\t\t\t\t<\/div>\n\t\t\t\t\t\t<\/div>\n\t\t\t\t<\/div>\n\t\t\t\t<div class=\"elementor-element elementor-element-8f61785 elementor-repeater-item-none elementor-repeater-item-none_hover elementor-widget elementor-widget-html\" data-id=\"8f61785\" data-element_type=\"widget\" data-widget_type=\"html.default\">\n\t\t\t\t<div class=\"elementor-widget-container\">\n\t\t\t<font color=\"#4B4B4D\">\r\n    <center>Email: <!--email_off-->support@limehome.com<!--\/email_off-->\r\n    <br>Telefon: +49 (0)89 412 07807<\/br><\/center>\r\n<\/font>\r\n\t\t<\/div>\n\t\t\t\t<\/div>\n\t\t\t\t<div class=\"elementor-element elementor-element-c453d33 elementor-repeater-item-none elementor-repeater-item-none_hover elementor-widget elementor-widget-text-editor\" data-id=\"c453d33\" data-element_type=\"widget\" data-widget_type=\"text-editor.default\">\n\t\t\t\t<div class=\"elementor-widget-container\">\n\t\t\t\t\t\t\t\t<div class=\"elementor-text-editor elementor-clearfix\">\n\t\t\t\t<h2>VERANTWORTLICHER I.S.D. \u00a7 18 MEDIENSTAATSVERTRAG<\/h2>\n<p>Dr. Josef Vollmayr<br \/>\nRosenheimerstr. 143 a-d<br \/>\n81671 M\u00fcnchen<\/p>\n<h2>HAFTUNGSHINWEIS<\/h2>\n<p>Die bereitgestellten Informationen auf dieser Website werden sorgf\u00e4ltig gepr\u00fcft und regelm\u00e4\u00dfig aktualisiert. Es kann jedoch keine Garantie daf\u00fcr \u00fcbernommen werden, dass alle Angaben zu jeder Zeit vollst\u00e4ndig, richtig und in letzter Aktualit\u00e4t dargestellt sind. Dies gilt insbesondere f\u00fcr alle Links zu anderen Websites, auf die direkt oder indirekt verwiesen wird. Deshalb k\u00f6nnen wir f\u00fcr diese fremden Inhalte auch keine Gew\u00e4hr \u00fcbernehmen. F\u00fcr die Inhalte der verlinkten Seiten ist stets der jeweilige Anbieter oder Betreiber der Seiten verantwortlich.<\/p>\n<h2>URHEBERRECHTLICHER HINWEIS<\/h2>\n<p>Inhalt und Struktur der Internetseiten von limehome.com sind urheberrechtlich gesch\u00fctzt. Die Vervielf\u00e4ltigung, Bearbeitung, Verbreitung und jede Art der Verwertung urheberrechtlich gesch\u00fctzter Beitr\u00e4ge, Bilder und sonstiger Werke bed\u00fcrfen der schriftlichen Zustimmung durch den Anbieter bzw. Rechteinhaber.<\/p>\n<h2>ONLINE-STREITBEILEGUNG GEM\u00c4\u00df ART. 14 ABS. 1 ODR-VO<\/h2>\n<p>Die Europ\u00e4ische Kommission stellt eine Plattform zur Online-Streitbeilegung (OS) zur Verf\u00fcgung. Sie ist zu finden unter: http:\/\/ec.europa.eu\/consumers\/odr\/.<br \/>\nlimehome ist weder bereit noch verpflichtet, am Streitbeilegungsverfahren vor einer Verbraucherschlichtungsstelle teilzunehmen.<\/p>\n\t\t\t\t\t<\/div>\n\t\t\t\t\t\t<\/div>\n\t\t\t\t<\/div>\n\t\t\t\t<div class=\"elementor-element elementor-element-73b4830 elementor-hidden-mobile elementor-repeater-item-none elementor-repeater-item-none_hover elementor-widget elementor-widget-global elementor-global-235 elementor-widget-spacer\" data-id=\"73b4830\" data-element_type=\"widget\" data-widget_type=\"spacer.default\">\n\t\t\t\t<div class=\"elementor-widget-container\">\n\t\t\t\t\t<div class=\"elementor-spacer\">\n\t\t\t<div class=\"elementor-spacer-inner\"><\/div>\n\t\t<\/div>\n\t\t\t\t<\/div>\n\t\t\t\t<\/div>\n\t\t\t\t\t\t<\/div>\n\t\t\t\t\t<\/div>\n\t\t<\/div>\n\t\t\t\t\t\t\t\t<\/div>\n\t\t\t\t\t<\/div>\n\t\t<\/section>\n\t\t\t\t\t\t\t\t\t<\/div>\n\t\t\t<\/div>\n\t\t\t\t\t<\/div>\n\t\t","protected":false},"excerpt":{"rendered":"<p>impressum ANBIETER DER WEBSITE Limehome GmbH Rosenheimerstr. 143 a-d 81671 M\u00fcnchen Gesch\u00e4ftsf\u00fchrer: Dr. Josef Vollmayr &amp; C\u00e9sar de Sousa Freitas Umsatzsteueridentifikationsnummer: DE 316542075 Amtsgericht M\u00fcnchen: HRB 237890 Email: support@limehome.com Telefon: +49 (0)89 412 07807 VERANTWORTLICHER I.S.D. \u00a7 18 MEDIENSTAATSVERTRAG Dr. Josef Vollmayr Rosenheimerstr. 143 a-d 81671 M\u00fcnchen HAFTUNGSHINWEIS Die bereitgestellten Informationen auf dieser Website werden [&hellip;]<\/p>\n","protected":false},"author":2,"featured_media":0,"parent":0,"menu_order":0,"comment_status":"closed","ping_status":"closed","template":"elementor_header_footer","meta":{"_acf_changed":false,"inline_featured_image":false,"footnotes":""},"class_list":["post-230","page","type-page","status-publish","hentry"],"acf":[],"yoast_head":"<!-- This site is optimized with the Yoast SEO plugin v20.4 - https:\/\/yoast.com\/wordpress\/plugins\/seo\/ -->\n<title>Impressum | Limehome<\/title>\n<meta name=\"description\" content=\"Als Diensteanbieter sind wir f\u00fcr unsere Inhalte auf diesen Seiten verantwortlich. Weitere Informationen zum Impressum finden Sie hier.\" \/>\n<meta name=\"robots\" content=\"index, follow, max-snippet:-1, max-image-preview:large, max-video-preview:-1\" \/>\n<link rel=\"canonical\" href=\"https:\/\/content.limehome.com\/en\/imprint\/\" \/>\n<meta property=\"og:locale\" content=\"de_DE\" \/>\n<meta property=\"og:type\" content=\"article\" \/>\n<meta property=\"og:title\" content=\"Impressum | Limehome\" \/>\n<meta property=\"og:description\" content=\"Als Diensteanbieter sind wir f\u00fcr unsere Inhalte auf diesen Seiten verantwortlich. Weitere Informationen zum Impressum finden Sie hier.\" \/>\n<meta property=\"og:url\" content=\"https:\/\/content.limehome.com\/en\/imprint\/\" \/>\n<meta property=\"og:site_name\" content=\"Limehome\" \/>\n<meta property=\"article:modified_time\" content=\"2024-03-13T14:00:01+00:00\" \/>\n<meta name=\"twitter:card\" content=\"summary_large_image\" \/>\n<meta name=\"twitter:label1\" content=\"Gesch\u00e4tzte Lesezeit\" \/>\n\t<meta name=\"twitter:data1\" content=\"1 Minute\" \/>\n<script type=\"application\/ld+json\" class=\"yoast-schema-graph\">{\"@context\":\"https:\/\/schema.org\",\"@graph\":[{\"@type\":\"WebPage\",\"@id\":\"https:\/\/content.limehome.com\/en\/imprint\/\",\"url\":\"https:\/\/content.limehome.com\/en\/imprint\/\",\"name\":\"Impressum | Limehome\",\"isPartOf\":{\"@id\":\"https:\/\/content.limehome.com\/en\/#website\"},\"datePublished\":\"2020-06-02T14:04:35+00:00\",\"dateModified\":\"2024-03-13T14:00:01+00:00\",\"description\":\"Als Diensteanbieter sind wir f\u00fcr unsere Inhalte auf diesen Seiten verantwortlich. Weitere Informationen zum Impressum finden Sie hier.\",\"breadcrumb\":{\"@id\":\"https:\/\/content.limehome.com\/en\/imprint\/#breadcrumb\"},\"inLanguage\":\"de-DE\",\"potentialAction\":[{\"@type\":\"ReadAction\",\"target\":[\"https:\/\/content.limehome.com\/en\/imprint\/\"]}]},{\"@type\":\"BreadcrumbList\",\"@id\":\"https:\/\/content.limehome.com\/en\/imprint\/#breadcrumb\",\"itemListElement\":[{\"@type\":\"ListItem\",\"position\":1,\"name\":\"Home\",\"item\":\"https:\/\/content.limehome.com\/en\/\"},{\"@type\":\"ListItem\",\"position\":2,\"name\":\"Impressum\"}]},{\"@type\":\"WebSite\",\"@id\":\"https:\/\/content.limehome.com\/en\/#website\",\"url\":\"https:\/\/content.limehome.com\/en\/\",\"name\":\"Limehome\",\"description\":\"Designed to stay\",\"publisher\":{\"@id\":\"https:\/\/content.limehome.com\/en\/#organization\"},\"potentialAction\":[{\"@type\":\"SearchAction\",\"target\":{\"@type\":\"EntryPoint\",\"urlTemplate\":\"https:\/\/content.limehome.com\/en\/?s={search_term_string}\"},\"query-input\":\"required name=search_term_string\"}],\"inLanguage\":\"de-DE\"},{\"@type\":\"Organization\",\"@id\":\"https:\/\/content.limehome.com\/en\/#organization\",\"name\":\"limehome\",\"url\":\"https:\/\/content.limehome.com\/en\/\",\"logo\":{\"@type\":\"ImageObject\",\"inLanguage\":\"de-DE\",\"@id\":\"https:\/\/content.limehome.com\/en\/#\/schema\/logo\/image\/\",\"url\":\"https:\/\/content.limehome.com\/wp-content\/uploads\/2021\/02\/limehome_logos_rgb_logo-claim-standard-charcoal-.png\",\"contentUrl\":\"https:\/\/content.limehome.com\/wp-content\/uploads\/2021\/02\/limehome_logos_rgb_logo-claim-standard-charcoal-.png\",\"width\":3751,\"height\":1093,\"caption\":\"limehome\"},\"image\":{\"@id\":\"https:\/\/content.limehome.com\/en\/#\/schema\/logo\/image\/\"}}]}<\/script>\n<!-- \/ Yoast SEO plugin. -->","yoast_head_json":{"title":"Impressum | Limehome","description":"Als Diensteanbieter sind wir f\u00fcr unsere Inhalte auf diesen Seiten verantwortlich. Weitere Informationen zum Impressum finden Sie hier.","robots":{"index":"index","follow":"follow","max-snippet":"max-snippet:-1","max-image-preview":"max-image-preview:large","max-video-preview":"max-video-preview:-1"},"canonical":"https:\/\/content.limehome.com\/en\/imprint\/","og_locale":"de_DE","og_type":"article","og_title":"Impressum | Limehome","og_description":"Als Diensteanbieter sind wir f\u00fcr unsere Inhalte auf diesen Seiten verantwortlich. Weitere Informationen zum Impressum finden Sie hier.","og_url":"https:\/\/content.limehome.com\/en\/imprint\/","og_site_name":"Limehome","article_modified_time":"2024-03-13T14:00:01+00:00","twitter_card":"summary_large_image","twitter_misc":{"Gesch\u00e4tzte Lesezeit":"1 Minute"},"schema":{"@context":"https:\/\/schema.org","@graph":[{"@type":"WebPage","@id":"https:\/\/content.limehome.com\/en\/imprint\/","url":"https:\/\/content.limehome.com\/en\/imprint\/","name":"Impressum | Limehome","isPartOf":{"@id":"https:\/\/content.limehome.com\/en\/#website"},"datePublished":"2020-06-02T14:04:35+00:00","dateModified":"2024-03-13T14:00:01+00:00","description":"Als Diensteanbieter sind wir f\u00fcr unsere Inhalte auf diesen Seiten verantwortlich. Weitere Informationen zum Impressum finden Sie hier.","breadcrumb":{"@id":"https:\/\/content.limehome.com\/en\/imprint\/#breadcrumb"},"inLanguage":"de-DE","potentialAction":[{"@type":"ReadAction","target":["https:\/\/content.limehome.com\/en\/imprint\/"]}]},{"@type":"BreadcrumbList","@id":"https:\/\/content.limehome.com\/en\/imprint\/#breadcrumb","itemListElement":[{"@type":"ListItem","position":1,"name":"Home","item":"https:\/\/content.limehome.com\/en\/"},{"@type":"ListItem","position":2,"name":"Impressum"}]},{"@type":"WebSite","@id":"https:\/\/content.limehome.com\/en\/#website","url":"https:\/\/content.limehome.com\/en\/","name":"Limehome","description":"Designed to stay","publisher":{"@id":"https:\/\/content.limehome.com\/en\/#organization"},"potentialAction":[{"@type":"SearchAction","target":{"@type":"EntryPoint","urlTemplate":"https:\/\/content.limehome.com\/en\/?s={search_term_string}"},"query-input":"required name=search_term_string"}],"inLanguage":"de-DE"},{"@type":"Organization","@id":"https:\/\/content.limehome.com\/en\/#organization","name":"limehome","url":"https:\/\/content.limehome.com\/en\/","logo":{"@type":"ImageObject","inLanguage":"de-DE","@id":"https:\/\/content.limehome.com\/en\/#\/schema\/logo\/image\/","url":"https:\/\/content.limehome.com\/wp-content\/uploads\/2021\/02\/limehome_logos_rgb_logo-claim-standard-charcoal-.png","contentUrl":"https:\/\/content.limehome.com\/wp-content\/uploads\/2021\/02\/limehome_logos_rgb_logo-claim-standard-charcoal-.png","width":3751,"height":1093,"caption":"limehome"},"image":{"@id":"https:\/\/content.limehome.com\/en\/#\/schema\/logo\/image\/"}}]}},"_links":{"self":[{"href":"https:\/\/content.limehome.com\/de\/wp-json\/wp\/v2\/pages\/230","targetHints":{"allow":["GET"]}}],"collection":[{"href":"https:\/\/content.limehome.com\/de\/wp-json\/wp\/v2\/pages"}],"about":[{"href":"https:\/\/content.limehome.com\/de\/wp-json\/wp\/v2\/types\/page"}],"author":[{"embeddable":true,"href":"https:\/\/content.limehome.com\/de\/wp-json\/wp\/v2\/users\/2"}],"replies":[{"embeddable":true,"href":"https:\/\/content.limehome.com\/de\/wp-json\/wp\/v2\/comments?post=230"}],"version-history":[{"count":0,"href":"https:\/\/content.limehome.com\/de\/wp-json\/wp\/v2\/pages\/230\/revisions"}],"wp:attachment":[{"href":"https:\/\/content.limehome.com\/de\/wp-json\/wp\/v2\/media?parent=230"}],"curies":[{"name":"wp","href":"https:\/\/api.w.org\/{rel}","templated":true}]}}